{"id":11,"date":"2013-04-02T00:00:25","date_gmt":"2013-04-01T23:00:25","guid":{"rendered":"http:\/\/ncsemke.de\/?page_id=11"},"modified":"2021-04-23T13:19:08","modified_gmt":"2021-04-23T12:19:08","slug":"home","status":"publish","type":"page","link":"https:\/\/ncsemke.de\/","title":{"rendered":"Home"},"content":{"rendered":"<p>In Zeiten der Digitalisierung und der aktuellen, weltweiten Situation ist es wichtig, dass auch kleine und mittelst\u00e4ndige Unternehmen die M\u00f6glichkeit haben, sich auf die neuen Gegebenheiten anzupassen, neue Wege einschlagen zu k\u00f6nnen und trotzdem die wichtigen und sch\u00fctzenswerten Firmendaten sicher aufzubewahren. Angriffe von au\u00dfen in jeglicher Form (Viren, Trojaner, Angriffe) gilt es dabei fr\u00fchzeitig zu erkennen und zu blockieren.<\/p>\n<p>Da aber auch das Thema Homeoffice immer wichtiger wird, biete ich auch f\u00fcr Privatpersonen meine Dienstleistungen an &#8211; von Sicherheitskonzepten f\u00fcr sicheres Arbeiten von zu Hause bis hin zu Multimedia-Umsetzungen.<\/p>\n<p>Ich biete daher Hilfe bei der Unterst\u00fctzung \u00a0rund um<\/p>\n<ul>\n<li>Netzwerke wie\u00a0Vernetzung von Systemen \/ H\u00e4usern und WLAN<\/li>\n<li>Firewalls, Router und Modems<\/li>\n<li>Monitoring von Systemen<\/li>\n<li>Klassische Telefonanlagen und Voice over IP<br \/>\nVor allem in Hinblick auf\u00a0die neuen ALL IP Anschl\u00fcsse der Telekom, NetCologne \u00a0&amp; co.<\/li>\n<li>Computer \/ Laptops \/ Server \/ Smartphones \/ Tablets<\/li>\n<li>Sicherheitsl\u00f6sungen wie z. B.\u00a0Video\u00fcberwachung<\/li>\n<li>Multimedia-L\u00f6sungen (Video und Audio)<\/li>\n<\/ul>\n<p>Von der ersten Beratung \u00fcber die Planung bis hin zur Umsetzung von einzelnen Systemen oder ganzen Projekten kann bei mir die gesamte Bandbreite der derzeitigen IT-Welt abgerufen werden.<\/p>\n<p>F\u00fcr einige Systeme, sowohl im Router und Firewall-Bereich, als auch f\u00fcr VoIP und Multimedia, sind\u00a0einige Testsysteme zum Ansehen und Testen verf\u00fcgbar.<\/p>\n<p>Meine Qualifikationen als Fachinformatiker Systemintegration mit Schwerpunkt Netzwerk sind Schulungen und Weiterbildungen wie Cisco Certified Network Associate, Workshops in den Bereichen Virtualisierung (VMware und HyperV) sowie Innovaphone Certified Engineer (Voice over IP), und diversen Workshops f\u00fcr Webserver, Microsoft Active Directory, Archivierung und Storage-Systeme vorhanden.<\/p>\n<p>Eine Referenzliste der aktuellen Projekte schicke ich auf Anfrage\u00a0gerne zu.<\/p>\n<p>In den Bereichen Multimedia und Haussicherheit kann ich ebenfalls mit einem breiten Wissen zur Seite stehen.<\/p>\n<p>Ich freue mich auf Ihren Kontakt.<\/p>\n","protected":false},"excerpt":{"rendered":"<p>In Zeiten der Digitalisierung und der aktuellen, weltweiten Situation ist es wichtig, dass auch kleine und mittelst\u00e4ndige Unternehmen die M\u00f6glichkeit haben, sich auf die neuen Gegebenheiten anzupassen, neue Wege einschlagen zu k\u00f6nnen und trotzdem die wichtigen und sch\u00fctzenswerten Firmendaten sicher aufzubewahren. Angriffe von au\u00dfen in jeglicher Form (Viren, Trojaner, Angriffe) gilt es dabei fr\u00fchzeitig zu [&hellip;]<\/p>\n","protected":false},"author":3,"featured_media":0,"parent":0,"menu_order":0,"comment_status":"closed","ping_status":"closed","template":"","meta":{"footnotes":""},"class_list":["post-11","page","type-page","status-publish","hentry"],"_links":{"self":[{"href":"https:\/\/ncsemke.de\/index.php?rest_route=\/wp\/v2\/pages\/11","targetHints":{"allow":["GET"]}}],"collection":[{"href":"https:\/\/ncsemke.de\/index.php?rest_route=\/wp\/v2\/pages"}],"about":[{"href":"https:\/\/ncsemke.de\/index.php?rest_route=\/wp\/v2\/types\/page"}],"author":[{"embeddable":true,"href":"https:\/\/ncsemke.de\/index.php?rest_route=\/wp\/v2\/users\/3"}],"replies":[{"embeddable":true,"href":"https:\/\/ncsemke.de\/index.php?rest_route=%2Fwp%2Fv2%2Fcomments&post=11"}],"version-history":[{"count":5,"href":"https:\/\/ncsemke.de\/index.php?rest_route=\/wp\/v2\/pages\/11\/revisions"}],"predecessor-version":[{"id":171,"href":"https:\/\/ncsemke.de\/index.php?rest_route=\/wp\/v2\/pages\/11\/revisions\/171"}],"wp:attachment":[{"href":"https:\/\/ncsemke.de\/index.php?rest_route=%2Fwp%2Fv2%2Fmedia&parent=11"}],"curies":[{"name":"wp","href":"https:\/\/api.w.org\/{rel}","templated":true}]}}