{"id":2,"date":"2013-04-01T21:44:30","date_gmt":"2013-04-01T20:44:30","guid":{"rendered":"http:\/\/ncsemke.de\/?page_id=2"},"modified":"2015-02-03T21:13:25","modified_gmt":"2015-02-03T20:13:25","slug":"beispiel-seite","status":"publish","type":"page","link":"https:\/\/ncsemke.de\/?page_id=2","title":{"rendered":"Network"},"content":{"rendered":"<p>Der anspruchvollste und zugleich meist untersch\u00e4tzte Bereich ist das Netzwerk &#8211; egal ob es sich hier um ein Internet-, Funkstrecken oder interne Netzwerke handelt: In diesen stecken sowohl das gr\u00f6\u00dfte Fehlerpotential als auch die h\u00f6chsten Fehlinvestitionen.<\/p>\n<p><strong>Um Sie davor zu bewahren,<\/strong> stelle ich die vorhandene IT-Infrastruktur auf die Probe, unterziehe sie Pr\u00fcfungen auf Aktualit\u00e4t und Verbesserungsbedarf und kalkuliere den Umfang sinvoller Ver\u00e4nderungen und Erg\u00e4nzungen.<\/p>\n<p>&nbsp;<\/p>\n<p>Anbieter \/ Systeme, mit denen ich langj\u00e4hrige Erfahrungen habe sind unter Anderem<\/p>\n<ul>\n<li>Cisco<\/li>\n<li>HP<\/li>\n<li>Mikrotik<\/li>\n<li>Draytek<\/li>\n<li>AVM<\/li>\n<\/ul>\n","protected":false},"excerpt":{"rendered":"<p>Der anspruchvollste und zugleich meist untersch\u00e4tzte Bereich ist das Netzwerk &#8211; egal ob es sich hier um ein Internet-, Funkstrecken oder interne Netzwerke handelt: In diesen stecken sowohl das gr\u00f6\u00dfte Fehlerpotential als auch die h\u00f6chsten Fehlinvestitionen. Um Sie davor zu bewahren, stelle ich die vorhandene IT-Infrastruktur auf die Probe, unterziehe sie Pr\u00fcfungen auf Aktualit\u00e4t und [&hellip;]<\/p>\n","protected":false},"author":3,"featured_media":0,"parent":0,"menu_order":0,"comment_status":"closed","ping_status":"closed","template":"","meta":{"footnotes":""},"class_list":["post-2","page","type-page","status-publish","hentry"],"_links":{"self":[{"href":"https:\/\/ncsemke.de\/index.php?rest_route=\/wp\/v2\/pages\/2","targetHints":{"allow":["GET"]}}],"collection":[{"href":"https:\/\/ncsemke.de\/index.php?rest_route=\/wp\/v2\/pages"}],"about":[{"href":"https:\/\/ncsemke.de\/index.php?rest_route=\/wp\/v2\/types\/page"}],"author":[{"embeddable":true,"href":"https:\/\/ncsemke.de\/index.php?rest_route=\/wp\/v2\/users\/3"}],"replies":[{"embeddable":true,"href":"https:\/\/ncsemke.de\/index.php?rest_route=%2Fwp%2Fv2%2Fcomments&post=2"}],"version-history":[{"count":5,"href":"https:\/\/ncsemke.de\/index.php?rest_route=\/wp\/v2\/pages\/2\/revisions"}],"predecessor-version":[{"id":88,"href":"https:\/\/ncsemke.de\/index.php?rest_route=\/wp\/v2\/pages\/2\/revisions\/88"}],"wp:attachment":[{"href":"https:\/\/ncsemke.de\/index.php?rest_route=%2Fwp%2Fv2%2Fmedia&parent=2"}],"curies":[{"name":"wp","href":"https:\/\/api.w.org\/{rel}","templated":true}]}}