{"id":9,"date":"2013-04-01T23:59:46","date_gmt":"2013-04-01T22:59:46","guid":{"rendered":"http:\/\/ncsemke.de\/?page_id=9"},"modified":"2015-02-03T21:16:24","modified_gmt":"2015-02-03T20:16:24","slug":"security","status":"publish","type":"page","link":"https:\/\/ncsemke.de\/?page_id=9","title":{"rendered":"Security"},"content":{"rendered":"<p>Gerade durch die aktuellen \u00f6ffentlichen Debatten um die Netzsicherheit entstehen Fragen zu<\/p>\n<ul>\n<li>Antivirus f\u00fcr Server, Client und mobile Endger\u00e4te<\/li>\n<li>Datensicherungskonzepte<\/li>\n<li>E-Mail-Archivierung<\/li>\n<li>Firewalls<\/li>\n<li>Intrusion Prevention System (IPS)<\/li>\n<li>Intrusion Detection System (IDS)<\/li>\n<li>Netzwerk-Zugangsschutz<\/li>\n<\/ul>\n<p>F\u00fcr Antworten stehe ich gerne bereit.<\/p>\n","protected":false},"excerpt":{"rendered":"<p>Gerade durch die aktuellen \u00f6ffentlichen Debatten um die Netzsicherheit entstehen Fragen zu Antivirus f\u00fcr Server, Client und mobile Endger\u00e4te Datensicherungskonzepte E-Mail-Archivierung Firewalls Intrusion Prevention System (IPS) Intrusion Detection System (IDS) Netzwerk-Zugangsschutz F\u00fcr Antworten stehe ich gerne bereit.<\/p>\n","protected":false},"author":3,"featured_media":0,"parent":0,"menu_order":2,"comment_status":"closed","ping_status":"closed","template":"","meta":{"footnotes":""},"class_list":["post-9","page","type-page","status-publish","hentry"],"_links":{"self":[{"href":"https:\/\/ncsemke.de\/index.php?rest_route=\/wp\/v2\/pages\/9","targetHints":{"allow":["GET"]}}],"collection":[{"href":"https:\/\/ncsemke.de\/index.php?rest_route=\/wp\/v2\/pages"}],"about":[{"href":"https:\/\/ncsemke.de\/index.php?rest_route=\/wp\/v2\/types\/page"}],"author":[{"embeddable":true,"href":"https:\/\/ncsemke.de\/index.php?rest_route=\/wp\/v2\/users\/3"}],"replies":[{"embeddable":true,"href":"https:\/\/ncsemke.de\/index.php?rest_route=%2Fwp%2Fv2%2Fcomments&post=9"}],"version-history":[{"count":5,"href":"https:\/\/ncsemke.de\/index.php?rest_route=\/wp\/v2\/pages\/9\/revisions"}],"predecessor-version":[{"id":91,"href":"https:\/\/ncsemke.de\/index.php?rest_route=\/wp\/v2\/pages\/9\/revisions\/91"}],"wp:attachment":[{"href":"https:\/\/ncsemke.de\/index.php?rest_route=%2Fwp%2Fv2%2Fmedia&parent=9"}],"curies":[{"name":"wp","href":"https:\/\/api.w.org\/{rel}","templated":true}]}}